{"id":2,"date":"2024-07-07T18:01:54","date_gmt":"2024-07-07T18:01:54","guid":{"rendered":"http:\/\/test.strupp.de\/?page_id=2"},"modified":"2024-08-08T15:17:12","modified_gmt":"2024-08-08T15:17:12","slug":"sample-page","status":"publish","type":"page","link":"http:\/\/test.strupp.de\/","title":{"rendered":"Hallo!"},"content":{"rendered":"\n<p>Die Zeit der nicht erreichbaren oder leeren Website ist bald vorbei.<\/p>\n\n\n\n<p>Da ich nicht mehr beruflich fotografiere, kommen keine aktuellen Fotodesigner-Pr\u00e4sentationen mehr, sondern demn\u00e4chst ein paar <br>Blicke in meine alten Arbeiten.<\/p>\n\n\n\n<p>Hier geht es zum <a href=\"http:\/\/www.radgebiet.de\" target=\"_blank\" rel=\"noreferrer noopener\">RadGebiet Fahrradladen<\/a>, in dessen <br>Werkstatt ich seit 2019 arbeite. <br>RadGebiet ist auf Lastenfahrr\u00e4der spezialisiert, mit \u00fcber zw\u00f6lf Herstellern<br>und noch mehr R\u00e4dern zum Probefahren.<\/p>\n\n\n\n<p>Und ein bisschen was von meinen Hobbies wird kommen: <br>Fahrradfahren, Wandern und im Chor <a href=\"http:\/\/www.totalvokal.net\" target=\"_blank\" rel=\"noreferrer noopener\">Total Vokal<\/a> singen.<\/p>\n\n\n\n<p><\/p>\n\n\n\n<p>Zur Holzhandlung meines Cousins Jan Strupp geht es hier lang: <br><a href=\"http:\/\/www.holzstrupp.de\" data-type=\"link\" data-id=\"www.holzstrupp.de\" target=\"_blank\" rel=\"noreferrer noopener\">strupp &#8211; sinnvoll bauen und modernisieren<\/a><\/p>\n\n\n\n<p>Zu meinem Gro\u00dfcousin Klaus-J\u00fcrgen Strupp in Rostock:<br><a href=\"http:\/\/www.audi-zentrum-rostock.audi\/\" target=\"_blank\" rel=\"noreferrer noopener\">Audi-Zentrum Rostock<\/a><\/p>\n\n\n\n<p>Zum Brunnenhof Weingut Strupp (nicht verwandt, machen gute Weine)<br>geht es da lang: <br><a href=\"https:\/\/www.weingutbrunnenhof.com\/\" target=\"_blank\" rel=\"noreferrer noopener\">Weingut Brunnenhof an der Mosel<\/a><\/p>\n\n\n\n<p>Herzliche Gr\u00fc\u00dfe aus Dortmund<br>Christian Strupp<\/p>\n\n\n\n<p><\/p>\n\n\n\n<p><\/p>\n\n\n\n<p><\/p>\n","protected":false},"excerpt":{"rendered":"<p>Die Zeit der nicht erreichbaren oder leeren Website ist bald vorbei. Da ich nicht mehr beruflich fotografiere, kommen keine aktuellen Fotodesigner-Pr\u00e4sentationen mehr, sondern demn\u00e4chst ein paar Blicke in meine alten Arbeiten. Hier geht es zum RadGebiet Fahrradladen, in dessen Werkstatt ich seit 2019 arbeite. RadGebiet ist auf Lastenfahrr\u00e4der spezialisiert, mit \u00fcber zw\u00f6lf Herstellernund noch mehr [&hellip;]<\/p>\n","protected":false},"author":1,"featured_media":0,"parent":0,"menu_order":0,"comment_status":"closed","ping_status":"open","template":"","meta":{"footnotes":""},"_links":{"self":[{"href":"http:\/\/test.strupp.de\/index.php\/wp-json\/wp\/v2\/pages\/2"}],"collection":[{"href":"http:\/\/test.strupp.de\/index.php\/wp-json\/wp\/v2\/pages"}],"about":[{"href":"http:\/\/test.strupp.de\/index.php\/wp-json\/wp\/v2\/types\/page"}],"author":[{"embeddable":true,"href":"http:\/\/test.strupp.de\/index.php\/wp-json\/wp\/v2\/users\/1"}],"replies":[{"embeddable":true,"href":"http:\/\/test.strupp.de\/index.php\/wp-json\/wp\/v2\/comments?post=2"}],"version-history":[{"count":15,"href":"http:\/\/test.strupp.de\/index.php\/wp-json\/wp\/v2\/pages\/2\/revisions"}],"predecessor-version":[{"id":36,"href":"http:\/\/test.strupp.de\/index.php\/wp-json\/wp\/v2\/pages\/2\/revisions\/36"}],"wp:attachment":[{"href":"http:\/\/test.strupp.de\/index.php\/wp-json\/wp\/v2\/media?parent=2"}],"curies":[{"name":"wp","href":"https:\/\/api.w.org\/{rel}","templated":true}]}}